{"id":218,"date":"2023-08-09T19:53:33","date_gmt":"2023-08-09T19:53:33","guid":{"rendered":"https:\/\/kulfoldihajoseskuvo.hu\/startseite\/"},"modified":"2023-08-09T19:53:33","modified_gmt":"2023-08-09T19:53:33","slug":"startseite","status":"publish","type":"page","link":"https:\/\/kulfoldihajoseskuvo.hu\/de\/","title":{"rendered":"Startseite"},"content":{"rendered":"","protected":false},"excerpt":{"rendered":"","protected":false},"author":1,"featured_media":0,"parent":0,"menu_order":0,"comment_status":"closed","ping_status":"closed","template":"","meta":[],"yoast_head":"<!-- This site is optimized with the Yoast SEO plugin v20.13 - https:\/\/yoast.com\/wordpress\/plugins\/seo\/ -->\n<title>K\u00fclf\u00f6ldi haj\u00f3s esk\u00fcv\u0151<\/title>\n<meta name=\"robots\" content=\"index, follow, max-snippet:-1, max-image-preview:large, max-video-preview:-1\" \/>\n<link rel=\"canonical\" href=\"https:\/\/kulfoldihajoseskuvo.hu\/de\/startseite\/\" \/>\n<meta property=\"og:locale\" content=\"de_DE\" \/>\n<meta property=\"og:type\" content=\"article\" \/>\n<meta property=\"og:title\" content=\"K\u00fclf\u00f6ldi haj\u00f3s esk\u00fcv\u0151\" \/>\n<meta property=\"og:url\" content=\"https:\/\/kulfoldihajoseskuvo.hu\/de\/startseite\/\" \/>\n<meta property=\"og:site_name\" content=\"K\u00fclf\u00f6ldi haj\u00f3s esk\u00fcv\u0151\" \/>\n<meta name=\"twitter:card\" content=\"summary_large_image\" \/>\n<script type=\"application\/ld+json\" class=\"yoast-schema-graph\">{\"@context\":\"https:\/\/schema.org\",\"@graph\":[{\"@type\":\"WebPage\",\"@id\":\"https:\/\/kulfoldihajoseskuvo.hu\/de\/startseite\/\",\"url\":\"https:\/\/kulfoldihajoseskuvo.hu\/de\/startseite\/\",\"name\":\"K\u00fclf\u00f6ldi haj\u00f3s esk\u00fcv\u0151\",\"isPartOf\":{\"@id\":\"http:\/\/kulfoldihajoseskuvo.local\/#website\"},\"datePublished\":\"2023-08-09T19:53:33+00:00\",\"dateModified\":\"2023-08-09T19:53:33+00:00\",\"breadcrumb\":{\"@id\":\"https:\/\/kulfoldihajoseskuvo.hu\/de\/startseite\/#breadcrumb\"},\"inLanguage\":\"de-DE\",\"potentialAction\":[{\"@type\":\"ReadAction\",\"target\":[\"https:\/\/kulfoldihajoseskuvo.hu\/de\/startseite\/\"]}]},{\"@type\":\"BreadcrumbList\",\"@id\":\"https:\/\/kulfoldihajoseskuvo.hu\/de\/startseite\/#breadcrumb\",\"itemListElement\":[{\"@type\":\"ListItem\",\"position\":1,\"name\":\"Home\",\"item\":\"https:\/\/kulfoldihajoseskuvo.hu\/de\/startseite\/\"},{\"@type\":\"ListItem\",\"position\":2,\"name\":\"Startseite\"}]},{\"@type\":\"WebSite\",\"@id\":\"http:\/\/kulfoldihajoseskuvo.local\/#website\",\"url\":\"http:\/\/kulfoldihajoseskuvo.local\/\",\"name\":\"K\u00fclf\u00f6ldi haj\u00f3s esk\u00fcv\u0151\",\"description\":\"Ahol a n\u00e1sz\u00fat, igazi esk\u00fcv\u0151v\u00e9 v\u00e1lik.\",\"publisher\":{\"@id\":\"http:\/\/kulfoldihajoseskuvo.local\/#organization\"},\"potentialAction\":[{\"@type\":\"SearchAction\",\"target\":{\"@type\":\"EntryPoint\",\"urlTemplate\":\"http:\/\/kulfoldihajoseskuvo.local\/?s={search_term_string}\"},\"query-input\":\"required name=search_term_string\"}],\"inLanguage\":\"de-DE\"},{\"@type\":\"Organization\",\"@id\":\"http:\/\/kulfoldihajoseskuvo.local\/#organization\",\"name\":\"K\u00fclf\u00f6ldi haj\u00f3s esk\u00fcv\u0151\",\"url\":\"http:\/\/kulfoldihajoseskuvo.local\/\",\"logo\":{\"@type\":\"ImageObject\",\"inLanguage\":\"de-DE\",\"@id\":\"http:\/\/kulfoldihajoseskuvo.local\/#\/schema\/logo\/image\/\",\"url\":\"https:\/\/kulfoldihajoseskuvo.hu\/uploads\/2023\/08\/logo.svg\",\"contentUrl\":\"https:\/\/kulfoldihajoseskuvo.hu\/uploads\/2023\/08\/logo.svg\",\"width\":165,\"height\":67,\"caption\":\"K\u00fclf\u00f6ldi haj\u00f3s esk\u00fcv\u0151\"},\"image\":{\"@id\":\"http:\/\/kulfoldihajoseskuvo.local\/#\/schema\/logo\/image\/\"}}]}<\/script>\n<!-- \/ Yoast SEO plugin. -->","yoast_head_json":{"title":"K\u00fclf\u00f6ldi haj\u00f3s esk\u00fcv\u0151","robots":{"index":"index","follow":"follow","max-snippet":"max-snippet:-1","max-image-preview":"max-image-preview:large","max-video-preview":"max-video-preview:-1"},"canonical":"https:\/\/kulfoldihajoseskuvo.hu\/de\/startseite\/","og_locale":"de_DE","og_type":"article","og_title":"K\u00fclf\u00f6ldi haj\u00f3s esk\u00fcv\u0151","og_url":"https:\/\/kulfoldihajoseskuvo.hu\/de\/startseite\/","og_site_name":"K\u00fclf\u00f6ldi haj\u00f3s esk\u00fcv\u0151","twitter_card":"summary_large_image","schema":{"@context":"https:\/\/schema.org","@graph":[{"@type":"WebPage","@id":"https:\/\/kulfoldihajoseskuvo.hu\/de\/startseite\/","url":"https:\/\/kulfoldihajoseskuvo.hu\/de\/startseite\/","name":"K\u00fclf\u00f6ldi haj\u00f3s esk\u00fcv\u0151","isPartOf":{"@id":"http:\/\/kulfoldihajoseskuvo.local\/#website"},"datePublished":"2023-08-09T19:53:33+00:00","dateModified":"2023-08-09T19:53:33+00:00","breadcrumb":{"@id":"https:\/\/kulfoldihajoseskuvo.hu\/de\/startseite\/#breadcrumb"},"inLanguage":"de-DE","potentialAction":[{"@type":"ReadAction","target":["https:\/\/kulfoldihajoseskuvo.hu\/de\/startseite\/"]}]},{"@type":"BreadcrumbList","@id":"https:\/\/kulfoldihajoseskuvo.hu\/de\/startseite\/#breadcrumb","itemListElement":[{"@type":"ListItem","position":1,"name":"Home","item":"https:\/\/kulfoldihajoseskuvo.hu\/de\/startseite\/"},{"@type":"ListItem","position":2,"name":"Startseite"}]},{"@type":"WebSite","@id":"http:\/\/kulfoldihajoseskuvo.local\/#website","url":"http:\/\/kulfoldihajoseskuvo.local\/","name":"K\u00fclf\u00f6ldi haj\u00f3s esk\u00fcv\u0151","description":"Ahol a n\u00e1sz\u00fat, igazi esk\u00fcv\u0151v\u00e9 v\u00e1lik.","publisher":{"@id":"http:\/\/kulfoldihajoseskuvo.local\/#organization"},"potentialAction":[{"@type":"SearchAction","target":{"@type":"EntryPoint","urlTemplate":"http:\/\/kulfoldihajoseskuvo.local\/?s={search_term_string}"},"query-input":"required name=search_term_string"}],"inLanguage":"de-DE"},{"@type":"Organization","@id":"http:\/\/kulfoldihajoseskuvo.local\/#organization","name":"K\u00fclf\u00f6ldi haj\u00f3s esk\u00fcv\u0151","url":"http:\/\/kulfoldihajoseskuvo.local\/","logo":{"@type":"ImageObject","inLanguage":"de-DE","@id":"http:\/\/kulfoldihajoseskuvo.local\/#\/schema\/logo\/image\/","url":"https:\/\/kulfoldihajoseskuvo.hu\/uploads\/2023\/08\/logo.svg","contentUrl":"https:\/\/kulfoldihajoseskuvo.hu\/uploads\/2023\/08\/logo.svg","width":165,"height":67,"caption":"K\u00fclf\u00f6ldi haj\u00f3s esk\u00fcv\u0151"},"image":{"@id":"http:\/\/kulfoldihajoseskuvo.local\/#\/schema\/logo\/image\/"}}]}},"_links":{"self":[{"href":"https:\/\/kulfoldihajoseskuvo.hu\/de\/wp-json\/wp\/v2\/pages\/218"}],"collection":[{"href":"https:\/\/kulfoldihajoseskuvo.hu\/de\/wp-json\/wp\/v2\/pages"}],"about":[{"href":"https:\/\/kulfoldihajoseskuvo.hu\/de\/wp-json\/wp\/v2\/types\/page"}],"author":[{"embeddable":true,"href":"https:\/\/kulfoldihajoseskuvo.hu\/de\/wp-json\/wp\/v2\/users\/1"}],"replies":[{"embeddable":true,"href":"https:\/\/kulfoldihajoseskuvo.hu\/de\/wp-json\/wp\/v2\/comments?post=218"}],"version-history":[{"count":0,"href":"https:\/\/kulfoldihajoseskuvo.hu\/de\/wp-json\/wp\/v2\/pages\/218\/revisions"}],"wp:attachment":[{"href":"https:\/\/kulfoldihajoseskuvo.hu\/de\/wp-json\/wp\/v2\/media?parent=218"}],"curies":[{"name":"wp","href":"https:\/\/api.w.org\/{rel}","templated":true}]}}